{"id":136,"date":"2016-08-08T10:30:39","date_gmt":"2016-08-08T10:30:39","guid":{"rendered":"http:\/\/healthyway.123websitedev.com\/contact-us\/"},"modified":"2025-12-16T02:37:06","modified_gmt":"2025-12-15T19:37:06","slug":"lien-he","status":"publish","type":"page","link":"https:\/\/cuongtien.vn\/en\/lien-he\/","title":{"rendered":"Contact"},"content":{"rendered":"<div class=\"vc_row wpb_row vc_row-fluid vc_custom_1654499698958\"><div class=\"wpb_column vc_column_container vc_col-sm-12\"><div class=\"vc_column-inner\"><div class=\"wpb_wrapper\"><div class=\"txt-title vc_custom_1654499670510 insight-title tm-animation move-up style-type-1 style-default\" id=\"insight-title-69f23679bac40\">\n\t<div class=\"insight-title--title\">Contact Info<\/div>\n\t\t\t<div class=\"insight-title--subtitle\">\n\t\t\t\t\t\t\t\t\t\t\t\t\t\t<\/div>\n\t\t\t\t<div class=\"insight-separator\">\n\t\t\t<div\n\t\t\t\tclass=\"separator vc_separator wpb_content_element vc_separator_align_center vc_sep_pos_align_center vc_separator-has-text\">\n\t\t\t\t<span class=\"vc_sep_holder vc_sep_holder_l\"><span class=\"vc_sep_line\"><\/span><\/span>\n\t\t\t\t<div class=\"separator--icon vc_icon_element vc_icon_element-outer\">\n\t\t\t\t\t<i class=\"organik-flower\"><\/i>\n\t\t\t\t<\/div>\n\t\t\t\t<span class=\"vc_sep_holder vc_sep_holder_r\"><span class=\"vc_sep_line\"><\/span><\/span>\n\t\t\t<\/div>\n\t\t<\/div>\n\t<\/div>\n<div class=\"vc_row wpb_row vc_inner vc_row-fluid\"><div class=\"wpb_column vc_column_container vc_col-sm-8\"><div class=\"vc_column-inner\"><div class=\"wpb_wrapper\">\n\t<div class=\"wpb_text_column wpb_content_element\" >\n\t\t<div class=\"wpb_wrapper\">\n\t\t\t<p><iframe loading=\"lazy\" style=\"border: 0;\" src=\"https:\/\/www.google.com\/maps\/embed?pb=!1m18!1m12!1m3!1d124965.6323470173!2d106.83410951090555!3d11.822943316567361!2m3!1f0!2f0!3f0!3m2!1i1024!2i768!4f13.1!3m3!1m2!1s0x3173697d13644507%3A0x282d0087794cb3a6!2zTG9uZyBQaMaw4bubYywgVHguIFBoxrDhu5tjIExvbmcsIELDrG5oIFBoxrDhu5tjLCBWaeG7h3QgTmFt!5e0!3m2!1svi!2s!4v1655869087684!5m2!1svi!2s\" width=\"100%\" height=\"450\" allowfullscreen=\"allowfullscreen\"><\/iframe><\/p>\n\n\t\t<\/div>\n\t<\/div>\n<\/div><\/div><\/div><div class=\"wpb_column vc_column_container vc_col-sm-4\"><div class=\"vc_column-inner\"><div class=\"wpb_wrapper\">    <div class=\"icon_on_left insight-icon-boxes tm-animation move-up\">\n        <div class=\"insight-icon-boxes--icon\"><i class='fas fa-map-marker-alt' ><\/i><\/div>\n        <div class=\"insight-icon-boxes--inner\">\n\t\t\t<h6 class=\"insight-icon-boxes--title\">Address<\/h6>            <div class=\"insight-icon-boxes--content\">Quarter 2, Long Phuoc Ward, Phuoc Long Town, Binh Phuoc Province, Vietnam<\/div>\n        <\/div>\n    <\/div>\n    <div class=\"icon_on_left insight-icon-boxes tm-animation move-up\">\n        <div class=\"insight-icon-boxes--icon\"><i class='fas fa-phone' ><\/i><\/div>\n        <div class=\"insight-icon-boxes--inner\">\n\t\t\t<h6 class=\"insight-icon-boxes--title\">Hotline (WhatsApp \/Telegram\/Viber\/Wechat\/Zalo)<\/h6>            <div class=\"insight-icon-boxes--content\">0983 774 069<br \/>\n0967 618 274<\/div>\n        <\/div>\n    <\/div>\n    <div class=\"icon_on_left insight-icon-boxes tm-animation move-up\">\n        <div class=\"insight-icon-boxes--icon\"><i class='fas fa-envelope' ><\/i><\/div>\n        <div class=\"insight-icon-boxes--inner\">\n\t\t\t<h6 class=\"insight-icon-boxes--title\">Email<\/h6>            <div class=\"insight-icon-boxes--content\">cuongtien782016@gmail.com<\/div>\n        <\/div>\n    <\/div>\n    <div class=\"icon_on_left insight-icon-boxes tm-animation move-up\">\n        <div class=\"insight-icon-boxes--icon\"><i class='fas fa-globe-asia' ><\/i><\/div>\n        <div class=\"insight-icon-boxes--inner\">\n\t\t\t<h6 class=\"insight-icon-boxes--title\">Website<\/h6>            <div class=\"insight-icon-boxes--content\">www.cuongtien.vn<\/div>\n        <\/div>\n    <\/div>\n<\/div><\/div><\/div><\/div><\/div><\/div><\/div><\/div><div class=\"vc_row wpb_row vc_row-fluid vc_custom_1654499740656\"><div class=\"wpb_column vc_column_container vc_col-sm-12\"><div class=\"vc_column-inner\"><div class=\"wpb_wrapper\"><div class=\"vc_separator wpb_content_element vc_separator_align_center vc_sep_width_100 vc_sep_pos_align_center vc_separator_no_text vc_sep_color_grey vc_custom_1654500979606  vc_custom_1654500979606\" ><span class=\"vc_sep_holder vc_sep_holder_l\"><span  class=\"vc_sep_line\"><\/span><\/span><span class=\"vc_sep_holder vc_sep_holder_r\"><span  class=\"vc_sep_line\"><\/span><\/span>\n<\/div><div class=\"txt-title vc_custom_1654500968776 insight-title tm-animation move-up style-type-1 style-default\" id=\"insight-title-69f23679bc105\">\n\t<div class=\"insight-title--title\">Leave us a message!<\/div>\n\t\t\t\t<div class=\"insight-separator\">\n\t\t\t<div\n\t\t\t\tclass=\"separator vc_separator wpb_content_element vc_separator_align_center vc_sep_pos_align_center vc_separator-has-text\">\n\t\t\t\t<span class=\"vc_sep_holder vc_sep_holder_l\"><span class=\"vc_sep_line\"><\/span><\/span>\n\t\t\t\t<div class=\"separator--icon vc_icon_element vc_icon_element-outer\">\n\t\t\t\t\t<i class=\"organik-flower\"><\/i>\n\t\t\t\t<\/div>\n\t\t\t\t<span class=\"vc_sep_holder vc_sep_holder_r\"><span class=\"vc_sep_line\"><\/span><\/span>\n\t\t\t<\/div>\n\t\t<\/div>\n\t<\/div>\n<\/div><\/div><\/div><\/div><div class=\"vc_row wpb_row vc_row-fluid vc_custom_1654500137505\"><div class=\"wpb_column vc_column_container vc_col-sm-12\"><div class=\"vc_column-inner\"><div class=\"wpb_wrapper\"><div role=\"form\" class=\"wpcf7\" id=\"wpcf7-f176-o1\" lang=\"en-US\" dir=\"ltr\">\n<div class=\"screen-reader-response\"><p role=\"status\" aria-live=\"polite\" aria-atomic=\"true\"><\/p> <ul><\/ul><\/div>\n<form action=\"\/en\/wp-json\/wp\/v2\/pages\/136#wpcf7-f176-o1\" method=\"post\" class=\"wpcf7-form init demo\" novalidate=\"novalidate\" data-status=\"init\" data-trp-original-action=\"\/en\/wp-json\/wp\/v2\/pages\/136#wpcf7-f176-o1\">\n<div style=\"display: none;\">\n<input type=\"hidden\" name=\"_wpcf7\" value=\"176\" \/>\n<input type=\"hidden\" name=\"_wpcf7_version\" value=\"5.6\" \/>\n<input type=\"hidden\" name=\"_wpcf7_locale\" value=\"en_US\" \/>\n<input type=\"hidden\" name=\"_wpcf7_unit_tag\" value=\"wpcf7-f176-o1\" \/>\n<input type=\"hidden\" name=\"_wpcf7_container_post\" value=\"0\" \/>\n<input type=\"hidden\" name=\"_wpcf7_posted_data_hash\" value=\"\" \/>\n<\/div>\n<div class=\"row\">\n<div class=\"col-md-6 padding-right-half\"><label>First and last name *<\/label><span class=\"wpcf7-form-control-wrap\" data-name=\"your-name\"><input type=\"text\" name=\"your-name\" value=\"\" size=\"40\" class=\"wpcf7-form-control wpcf7-text wpcf7-validates-as-required\" aria-required=\"true\" aria-invalid=\"false\" \/><\/span><\/div>\n<div class=\"col-md-6 padding-left-half\"><label>Email *<\/label><span class=\"wpcf7-form-control-wrap\" data-name=\"your-email\"><input type=\"email\" name=\"your-email\" value=\"\" size=\"40\" class=\"wpcf7-form-control wpcf7-text wpcf7-email wpcf7-validates-as-required wpcf7-validates-as-email\" aria-required=\"true\" aria-invalid=\"false\" \/><\/span><\/div>\n<\/div>\n<div class=\"row\">\n<div class=\"col-md-12\"><label>Title<\/label><span class=\"wpcf7-form-control-wrap\" data-name=\"your-subject\"><input type=\"text\" name=\"your-subject\" value=\"\" size=\"40\" class=\"wpcf7-form-control wpcf7-text\" aria-invalid=\"false\" \/><\/span><\/div>\n<\/div>\n<div class=\"row\">\n<div class=\"col-md-12\"><label>Content<\/label><span class=\"wpcf7-form-control-wrap\" data-name=\"your-message\"><textarea name=\"your-message\" cols=\"40\" rows=\"10\" class=\"wpcf7-form-control wpcf7-textarea wpcf7-validates-as-required\" aria-required=\"true\" aria-invalid=\"false\"><\/textarea><\/span><\/div>\n<\/div>\n<div class=\"row submit-container\">\n<div class=\"col-md-12\"><input type=\"submit\" value=\"SEND\" class=\"wpcf7-form-control has-spinner wpcf7-submit btn btn-border-black\" \/><\/div>\n<\/div>\n<div class=\"wpcf7-response-output\" aria-hidden=\"true\"><\/div><input type=\"hidden\" name=\"trp-form-language\" value=\"en\"\/><\/form><\/div><\/div><\/div><\/div><\/div>","protected":false},"excerpt":{"rendered":"Th\u00f4ng tin li\u00ean h\u1ec7 \u0110\u1ecba ch\u1ec9 Khu ph\u1ed1 2, P.Long Ph\u01b0\u1edbc, Tx. Ph\u01b0\u1edbc Long, B\u00ecnh Ph\u01b0\u1edbc, Vi\u1ec7t Nam Hotline (WhatsApp \/Telegram\/Viber\/Wechat\/Zalo) 0983 774 069 0967 618 274 Email cuongtien782016@gmail.com Website www.cuongtien.vn \u0110\u1ec3 l\u1ea1i tin nh\u1eafn cho ch\u00fang t\u00f4i! H\u1ecd v\u00e0 t\u00ean * Email * Ti\u00eau \u0111\u1ec1 N\u1ed9i dung","protected":false},"author":1,"featured_media":0,"parent":0,"menu_order":0,"comment_status":"closed","ping_status":"closed","template":"","meta":[],"yoast_head":"<!-- This site is optimized with the Yoast SEO Premium plugin v15.9.2 - https:\/\/yoast.com\/wordpress\/plugins\/seo\/ -->\n<title>Li\u00ean h\u1ec7 - CUONG TIEN CASHEW<\/title>\n<link rel=\"canonical\" href=\"https:\/\/cuongtien.vn\/en\/lien-he\/\" \/>\n<meta property=\"og:locale\" content=\"en_US\" \/>\n<meta property=\"og:type\" content=\"article\" \/>\n<meta property=\"og:title\" content=\"Li\u00ean h\u1ec7 - CUONG TIEN CASHEW\" \/>\n<meta property=\"og:url\" content=\"https:\/\/cuongtien.vn\/en\/lien-he\/\" \/>\n<meta property=\"og:site_name\" content=\"CUONG TIEN CASHEW\" \/>\n<meta property=\"article:modified_time\" content=\"2025-12-15T19:37:06+00:00\" \/>\n<meta name=\"twitter:card\" content=\"summary_large_image\" \/>\n<meta name=\"twitter:label1\" content=\"Est. reading time\">\n\t<meta name=\"twitter:data1\" content=\"1 minute\">\n<script type=\"application\/ld+json\" class=\"yoast-schema-graph\">{\"@context\":\"https:\/\/schema.org\",\"@graph\":[{\"@type\":\"WebSite\",\"@id\":\"https:\/\/cuongtien.vn\/en\/#website\",\"url\":\"https:\/\/cuongtien.vn\/en\/\",\"name\":\"CUONG TIEN CASHEW\",\"description\":\"C\\u00d4NG TY TNHH MTV-SX-TM\",\"potentialAction\":[{\"@type\":\"SearchAction\",\"target\":\"https:\/\/cuongtien.vn\/en\/?s={search_term_string}\",\"query-input\":\"required name=search_term_string\"}],\"inLanguage\":\"en-US\"},{\"@type\":\"WebPage\",\"@id\":\"https:\/\/cuongtien.vn\/en\/lien-he\/#webpage\",\"url\":\"https:\/\/cuongtien.vn\/en\/lien-he\/\",\"name\":\"Li\\u00ean h\\u1ec7 - CUONG TIEN CASHEW\",\"isPartOf\":{\"@id\":\"https:\/\/cuongtien.vn\/en\/#website\"},\"datePublished\":\"2016-08-08T10:30:39+00:00\",\"dateModified\":\"2025-12-15T19:37:06+00:00\",\"breadcrumb\":{\"@id\":\"https:\/\/cuongtien.vn\/en\/lien-he\/#breadcrumb\"},\"inLanguage\":\"en-US\",\"potentialAction\":[{\"@type\":\"ReadAction\",\"target\":[\"https:\/\/cuongtien.vn\/en\/lien-he\/\"]}]},{\"@type\":\"BreadcrumbList\",\"@id\":\"https:\/\/cuongtien.vn\/en\/lien-he\/#breadcrumb\",\"itemListElement\":[{\"@type\":\"ListItem\",\"position\":1,\"item\":{\"@type\":\"WebPage\",\"@id\":\"https:\/\/cuongtien.vn\/en\/\",\"url\":\"https:\/\/cuongtien.vn\/en\/\",\"name\":\"Home\"}},{\"@type\":\"ListItem\",\"position\":2,\"item\":{\"@type\":\"WebPage\",\"@id\":\"https:\/\/cuongtien.vn\/en\/lien-he\/\",\"url\":\"https:\/\/cuongtien.vn\/en\/lien-he\/\",\"name\":\"Li\\u00ean h\\u1ec7\"}}]}]}<\/script>\n<!-- \/ Yoast SEO Premium plugin. -->","_links":{"self":[{"href":"https:\/\/cuongtien.vn\/en\/wp-json\/wp\/v2\/pages\/136"}],"collection":[{"href":"https:\/\/cuongtien.vn\/en\/wp-json\/wp\/v2\/pages"}],"about":[{"href":"https:\/\/cuongtien.vn\/en\/wp-json\/wp\/v2\/types\/page"}],"author":[{"embeddable":true,"href":"https:\/\/cuongtien.vn\/en\/wp-json\/wp\/v2\/users\/1"}],"replies":[{"embeddable":true,"href":"https:\/\/cuongtien.vn\/en\/wp-json\/wp\/v2\/comments?post=136"}],"version-history":[{"count":33,"href":"https:\/\/cuongtien.vn\/en\/wp-json\/wp\/v2\/pages\/136\/revisions"}],"predecessor-version":[{"id":2869,"href":"https:\/\/cuongtien.vn\/en\/wp-json\/wp\/v2\/pages\/136\/revisions\/2869"}],"wp:attachment":[{"href":"https:\/\/cuongtien.vn\/en\/wp-json\/wp\/v2\/media?parent=136"}],"curies":[{"name":"wp","href":"https:\/\/api.w.org\/{rel}","templated":true}]}}